{"id":10,"date":"2025-10-21T10:13:40","date_gmt":"2025-10-21T10:13:40","guid":{"rendered":"https:\/\/www.icb.rs\/?page_id=10"},"modified":"2025-10-22T12:36:04","modified_gmt":"2025-10-22T12:36:04","slug":"pocetna","status":"publish","type":"page","link":"https:\/\/www.icb.rs\/","title":{"rendered":"Pocetna"},"content":{"rendered":"\t\t<div data-elementor-type=\"wp-page\" data-elementor-id=\"10\" class=\"elementor elementor-10\" data-elementor-post-type=\"page\">\n\t\t\t\t<div class=\"elementor-element elementor-element-0a35eb4 e-flex e-con-boxed e-con e-parent\" data-id=\"0a35eb4\" data-element_type=\"container\" data-settings=\"{&quot;background_background&quot;:&quot;classic&quot;}\">\n\t\t\t\t\t<div class=\"e-con-inner\">\n\t\t<div class=\"elementor-element elementor-element-9a1429e e-con-full e-flex e-con e-child\" data-id=\"9a1429e\" data-element_type=\"container\" data-settings=\"{&quot;background_background&quot;:&quot;classic&quot;}\">\n\t\t\t\t<div class=\"elementor-element elementor-element-988d2c8 elementor-widget elementor-widget-heading\" data-id=\"988d2c8\" data-element_type=\"widget\" data-widget_type=\"heading.default\">\n\t\t\t\t\t<h2 class=\"elementor-heading-title elementor-size-default\">Veleprodaja ROSAN armatura<\/h2>\t\t\t\t<\/div>\n\t\t\t\t<div class=\"elementor-element elementor-element-f8d33fc elementor-align-left elementor-widget elementor-widget-button\" data-id=\"f8d33fc\" data-element_type=\"widget\" data-widget_type=\"button.default\">\n\t\t\t\t\t\t\t\t\t\t<a class=\"elementor-button elementor-button-link elementor-size-sm\" href=\"https:\/\/www.icb.rs\/wp-content\/uploads\/2025\/10\/CENOVNIK-br.38_2025.pdf\" target=\"_blank\">\n\t\t\t\t\t\t<span class=\"elementor-button-content-wrapper\">\n\t\t\t\t\t\t<span class=\"elementor-button-icon\">\n\t\t\t\t<svg aria-hidden=\"true\" class=\"e-font-icon-svg e-fas-file-download\" viewBox=\"0 0 384 512\" xmlns=\"http:\/\/www.w3.org\/2000\/svg\"><path d=\"M224 136V0H24C10.7 0 0 10.7 0 24v464c0 13.3 10.7 24 24 24h336c13.3 0 24-10.7 24-24V160H248c-13.2 0-24-10.8-24-24zm76.45 211.36l-96.42 95.7c-6.65 6.61-17.39 6.61-24.04 0l-96.42-95.7C73.42 337.29 80.54 320 94.82 320H160v-80c0-8.84 7.16-16 16-16h32c8.84 0 16 7.16 16 16v80h65.18c14.28 0 21.4 17.29 11.27 27.36zM377 105L279.1 7c-4.5-4.5-10.6-7-17-7H256v128h128v-6.1c0-6.3-2.5-12.4-7-16.9z\"><\/path><\/svg>\t\t\t<\/span>\n\t\t\t\t\t\t\t\t\t<span class=\"elementor-button-text\">Preuzmite VP cenovnik<\/span>\n\t\t\t\t\t<\/span>\n\t\t\t\t\t<\/a>\n\t\t\t\t\t\t\t\t<\/div>\n\t\t\t\t<\/div>\n\t\t\t\t\t<\/div>\n\t\t\t\t<\/div>\n\t\t<div class=\"elementor-element elementor-element-99d14db e-flex e-con-boxed e-con e-parent\" data-id=\"99d14db\" data-element_type=\"container\" id=\"onama\">\n\t\t\t\t\t<div class=\"e-con-inner\">\n\t\t\t\t<div class=\"elementor-element elementor-element-42d9726 elementor-widget elementor-widget-heading\" data-id=\"42d9726\" data-element_type=\"widget\" data-widget_type=\"heading.default\">\n\t\t\t\t\t<h2 class=\"elementor-heading-title elementor-size-default\">O nama <\/h2>\t\t\t\t<\/div>\n\t\t\t\t<div class=\"elementor-element elementor-element-a1cbafc elementor-widget elementor-widget-text-editor\" data-id=\"a1cbafc\" data-element_type=\"widget\" data-widget_type=\"text-editor.default\">\n\t\t\t\t\t\t\t\t\t<p>Preduze\u0107e ICB doo Beograd osnovano je 1990. godine i ve\u0107 vi\u0161e od tri decenije uspe\u0161no posluje u oblasti veleprodaje vodovodnih baterija i srodne sanitarne opreme.<\/p><p>Kao zvani\u010dni zastupnici renomirane kompanije <a href=\"https:\/\/www.rosan.rs\/\">Rosan doo<\/a> iz Kanji\u017ee, nudimo \u0161irok asortiman proizvoda koji obuhvata moderne i pouzdane vodovodne baterije, tu\u0161-sisteme i prate\u0107u opremu namenjene veleprodajama, izvodja\u010dima i maloprodajnim objektima.<\/p><p>Na\u0161a misija je da obezbedimo kvalitetne proizvode, brzu i pouzdanu isporuku, kao i stru\u010dnu podr\u0161ku na\u0161im partnerima. Dugogodi\u0161nje iskustvo, stabilno poslovanje i saradnja sa proverenim proizvo\u0111a\u010dima \u010dine nas pouzdanim izborom na tr\u017ei\u0161tu Srbije.<\/p>\t\t\t\t\t\t\t\t<\/div>\n\t\t\t\t<div class=\"elementor-element elementor-element-8249685 elementor-widget elementor-widget-text-editor\" data-id=\"8249685\" data-element_type=\"widget\" data-widget_type=\"text-editor.default\">\n\t\t\t\t\t\t\t\t\t<p><strong>Servis Primna<\/strong> &#8211; ovla\u0161\u0107en od strane kompanije Rosan doo<\/p><p>Ivi\u0107eva 8, 11080 Beograd<\/p><p>Tel: 0113169142, 0600770241, 0600770243<\/p><p>Email: info@primna.rs<\/p>\t\t\t\t\t\t\t\t<\/div>\n\t\t\t\t\t<\/div>\n\t\t\t\t<\/div>\n\t\t<div class=\"elementor-element elementor-element-14a6983 e-flex e-con-boxed e-con e-parent\" data-id=\"14a6983\" data-element_type=\"container\">\n\t\t\t\t\t<div class=\"e-con-inner\">\n\t\t<div class=\"elementor-element elementor-element-727a880 e-con-full e-flex e-con e-child\" data-id=\"727a880\" data-element_type=\"container\">\n\t\t\t\t<div class=\"elementor-element elementor-element-f9e80b9 elementor-widget elementor-widget-image\" data-id=\"f9e80b9\" data-element_type=\"widget\" data-widget_type=\"image.default\">\n\t\t\t\t\t\t\t\t\t\t\t\t\t\t\t<img fetchpriority=\"high\" decoding=\"async\" width=\"720\" height=\"480\" src=\"https:\/\/www.icb.rs\/wp-content\/uploads\/2025\/10\/Stolz-naslovna.jpg\" class=\"attachment-large size-large wp-image-71\" alt=\"\" srcset=\"https:\/\/www.icb.rs\/wp-content\/uploads\/2025\/10\/Stolz-naslovna.jpg 720w, https:\/\/www.icb.rs\/wp-content\/uploads\/2025\/10\/Stolz-naslovna-300x200.jpg 300w\" sizes=\"(max-width: 720px) 100vw, 720px\" \/>\t\t\t\t\t\t\t\t\t\t\t\t\t\t\t<\/div>\n\t\t\t\t<\/div>\n\t\t<div class=\"elementor-element elementor-element-933f21e e-con-full e-flex e-con e-child\" data-id=\"933f21e\" data-element_type=\"container\">\n\t\t\t\t<div class=\"elementor-element elementor-element-c6d6eef elementor-widget elementor-widget-heading\" data-id=\"c6d6eef\" data-element_type=\"widget\" data-widget_type=\"heading.default\">\n\t\t\t\t\t<h2 class=\"elementor-heading-title elementor-size-default\">STOLZ SERIJA\n<\/h2>\t\t\t\t<\/div>\n\t\t\t\t<div class=\"elementor-element elementor-element-bfa8a0a elementor-widget elementor-widget-text-editor\" data-id=\"bfa8a0a\" data-element_type=\"widget\" data-widget_type=\"text-editor.default\">\n\t\t\t\t\t\t\t\t\tSTOLZ nema\u010dka re\u010d, u prevodu zna\u010di ponos. Heinrich STOLZ, industrijalac nema\u010dkog porekla 1880 godine osnovao livnicu koja kasnije izrasta u prvu fabriku sanitarnih armatura na na\u0161im prostorima. STOLZ, na\u0161\nbrend za proizvode najvi\u0161eg kvaliteta, u \u010dije stvaranje je\nulo\u017eeno iskustvo sticano kroz \u010detiri generacije.\t\t\t\t\t\t\t\t<\/div>\n\t\t\t\t<\/div>\n\t\t\t\t\t<\/div>\n\t\t\t\t<\/div>\n\t\t<div class=\"elementor-element elementor-element-f0c55ec e-flex e-con-boxed e-con e-parent\" data-id=\"f0c55ec\" data-element_type=\"container\">\n\t\t\t\t\t<div class=\"e-con-inner\">\n\t\t<div class=\"elementor-element elementor-element-76aae1e e-con-full e-flex e-con e-child\" data-id=\"76aae1e\" data-element_type=\"container\">\n\t\t\t\t<div class=\"elementor-element elementor-element-aa6f300 elementor-widget elementor-widget-heading\" data-id=\"aa6f300\" data-element_type=\"widget\" data-widget_type=\"heading.default\">\n\t\t\t\t\t<h2 class=\"elementor-heading-title elementor-size-default\">B2 SERIJA<\/h2>\t\t\t\t<\/div>\n\t\t\t\t<div class=\"elementor-element elementor-element-03a599b elementor-widget elementor-widget-text-editor\" data-id=\"03a599b\" data-element_type=\"widget\" data-widget_type=\"text-editor.default\">\n\t\t\t\t\t\t\t\t\t<div id=\"section-id-1660733631164\" class=\"sppb-section\"><div class=\"sppb-container-inner\"><div class=\"sppb-row\"><div id=\"column-wrap-id-1660733631167\" class=\"sppb-col-md-6 sppp-column-vertical-align\"><div id=\"column-id-1660733631167\" class=\"sppb-column sppb-align-items-center\"><div class=\"sppb-column-addons\"><div id=\"sppb-addon-wrapper-1660733631169\" class=\"sppb-addon-wrapper\"><div id=\"sppb-addon-1660733631169\" class=\"clearfix \"><div class=\"sppb-addon sppb-addon-header sppb-text-center\"><p class=\"sppb-addon-title\">Novitet u na\u0161oj ponudi, serija pod imenom B\/2. Dizajnirana da zadovolji sve dnevne potrebe u savremenom kupatilu. Fascinatna kombinacija sofisticiranog dizajna sa poptisom na\u0161eg dizajnerskog tima. Prvi od nove generacije.<\/p><\/div><\/div><\/div><div id=\"sppb-addon-wrapper-1660733631170\" class=\"sppb-addon-wrapper\"><div id=\"sppb-addon-1660733631170\" class=\"clearfix \"><div class=\"sppb-text-center\">\u00a0<\/div><\/div><\/div><\/div><\/div><\/div><\/div><\/div><\/div><div id=\"section-id-1581803147723\" class=\"sppb-section sppb-section-content-center\">\u00a0<\/div>\t\t\t\t\t\t\t\t<\/div>\n\t\t\t\t<\/div>\n\t\t<div class=\"elementor-element elementor-element-5b304c4 e-con-full e-flex e-con e-child\" data-id=\"5b304c4\" data-element_type=\"container\">\n\t\t\t\t<div class=\"elementor-element elementor-element-d880f0e elementor-widget elementor-widget-image\" data-id=\"d880f0e\" data-element_type=\"widget\" data-widget_type=\"image.default\">\n\t\t\t\t\t\t\t\t\t\t\t\t\t\t\t<img decoding=\"async\" width=\"720\" height=\"480\" src=\"https:\/\/www.icb.rs\/wp-content\/uploads\/2025\/10\/b2-1.jpg\" class=\"attachment-large size-large wp-image-73\" alt=\"\" srcset=\"https:\/\/www.icb.rs\/wp-content\/uploads\/2025\/10\/b2-1.jpg 720w, https:\/\/www.icb.rs\/wp-content\/uploads\/2025\/10\/b2-1-300x200.jpg 300w\" sizes=\"(max-width: 720px) 100vw, 720px\" \/>\t\t\t\t\t\t\t\t\t\t\t\t\t\t\t<\/div>\n\t\t\t\t<\/div>\n\t\t\t\t\t<\/div>\n\t\t\t\t<\/div>\n\t\t<div class=\"elementor-element elementor-element-13f20cc e-flex e-con-boxed e-con e-parent\" data-id=\"13f20cc\" data-element_type=\"container\">\n\t\t\t\t\t<div class=\"e-con-inner\">\n\t\t<div class=\"elementor-element elementor-element-25f4b0b e-con-full e-flex e-con e-child\" data-id=\"25f4b0b\" data-element_type=\"container\">\n\t\t\t\t<div class=\"elementor-element elementor-element-c385f9e elementor-widget elementor-widget-image\" data-id=\"c385f9e\" data-element_type=\"widget\" data-widget_type=\"image.default\">\n\t\t\t\t\t\t\t\t\t\t\t\t\t\t\t<img decoding=\"async\" width=\"720\" height=\"480\" src=\"https:\/\/www.icb.rs\/wp-content\/uploads\/2025\/10\/dark-1.jpg\" class=\"attachment-large size-large wp-image-72\" alt=\"\" srcset=\"https:\/\/www.icb.rs\/wp-content\/uploads\/2025\/10\/dark-1.jpg 720w, https:\/\/www.icb.rs\/wp-content\/uploads\/2025\/10\/dark-1-300x200.jpg 300w\" sizes=\"(max-width: 720px) 100vw, 720px\" \/>\t\t\t\t\t\t\t\t\t\t\t\t\t\t\t<\/div>\n\t\t\t\t<\/div>\n\t\t<div class=\"elementor-element elementor-element-d9ef627 e-con-full e-flex e-con e-child\" data-id=\"d9ef627\" data-element_type=\"container\">\n\t\t\t\t<div class=\"elementor-element elementor-element-c9f399a elementor-widget elementor-widget-heading\" data-id=\"c9f399a\" data-element_type=\"widget\" data-widget_type=\"heading.default\">\n\t\t\t\t\t<h2 class=\"elementor-heading-title elementor-size-default\">DARK SERIJA<\/h2>\t\t\t\t<\/div>\n\t\t\t\t<div class=\"elementor-element elementor-element-735baec elementor-widget elementor-widget-text-editor\" data-id=\"735baec\" data-element_type=\"widget\" data-widget_type=\"text-editor.default\">\n\t\t\t\t\t\t\t\t\t<div id=\"column-wrap-id-1581893817830\" class=\"sppb-col-md-6 sppp-column-vertical-align\"><div id=\"column-id-1581893817830\" class=\"sppb-column sppb-align-items-center\"><div class=\"sppb-column-addons\"><div id=\"sppb-addon-wrapper-1581893817841\" class=\"sppb-addon-wrapper\"><div id=\"sppb-addon-1581893817841\" class=\"clearfix \"><div class=\"sppb-addon sppb-addon-header sppb-text-center\"><p class=\"sppb-addon-title\">Serija DARK predstavlja &#8222;tamnu stranu&#8220; serije ZERRO. Savr\u0161eno proporcionalnih dimenzija, izuzetno preciznih spojeva, sa najsavrmenijim tehni\u010dkim re\u0161enjima i fini\u0161om u mat crnoj boji.<\/p><\/div><\/div><\/div><div id=\"sppb-addon-wrapper-1581893817844\" class=\"sppb-addon-wrapper\"><div id=\"sppb-addon-1581893817844\" class=\"clearfix \"><div class=\"sppb-text-center\">\u00a0<\/div><\/div><\/div><\/div><\/div><\/div><div id=\"column-wrap-id-1581893817831\" class=\"sppb-col-md-6\"><div id=\"column-id-1581893817831\" class=\"sppb-column\"><div class=\"sppb-column-addons\"><div id=\"sppb-addon-wrapper-1581893817835\" class=\"sppb-addon-wrapper\"><div id=\"sppb-addon-1581893817835\" class=\"clearfix \"><div class=\"sppb-addon sppb-addon-single-image sppb-text-center \">\u00a0<\/div><\/div><\/div><\/div><\/div><\/div>\t\t\t\t\t\t\t\t<\/div>\n\t\t\t\t<\/div>\n\t\t\t\t\t<\/div>\n\t\t\t\t<\/div>\n\t\t<div class=\"elementor-element elementor-element-3da23ee e-flex e-con-boxed e-con e-parent\" data-id=\"3da23ee\" data-element_type=\"container\" id=\"kontakt\">\n\t\t\t\t\t<div class=\"e-con-inner\">\n\t\t\t\t<div class=\"elementor-element elementor-element-9bb77bd elementor-widget elementor-widget-heading\" data-id=\"9bb77bd\" data-element_type=\"widget\" data-widget_type=\"heading.default\">\n\t\t\t\t\t<h2 class=\"elementor-heading-title elementor-size-default\">Kontakt<\/h2>\t\t\t\t<\/div>\n\t\t\t\t\t<\/div>\n\t\t\t\t<\/div>\n\t\t<div class=\"elementor-element elementor-element-55e3b0a e-flex e-con-boxed e-con e-parent\" data-id=\"55e3b0a\" data-element_type=\"container\">\n\t\t\t\t\t<div class=\"e-con-inner\">\n\t\t<div class=\"elementor-element elementor-element-0500fb9 e-con-full e-flex e-con e-child\" data-id=\"0500fb9\" data-element_type=\"container\">\n\t\t\t\t<div class=\"elementor-element elementor-element-da91e9c elementor-view-default elementor-position-top elementor-mobile-position-top elementor-widget elementor-widget-icon-box\" data-id=\"da91e9c\" data-element_type=\"widget\" data-widget_type=\"icon-box.default\">\n\t\t\t\t\t\t\t<div class=\"elementor-icon-box-wrapper\">\n\n\t\t\t\t\t\t<div class=\"elementor-icon-box-icon\">\n\t\t\t\t<span  class=\"elementor-icon\">\n\t\t\t\t<svg aria-hidden=\"true\" class=\"e-font-icon-svg e-fas-phone-alt\" viewBox=\"0 0 512 512\" xmlns=\"http:\/\/www.w3.org\/2000\/svg\"><path d=\"M497.39 361.8l-112-48a24 24 0 0 0-28 6.9l-49.6 60.6A370.66 370.66 0 0 1 130.6 204.11l60.6-49.6a23.94 23.94 0 0 0 6.9-28l-48-112A24.16 24.16 0 0 0 122.6.61l-104 24A24 24 0 0 0 0 48c0 256.5 207.9 464 464 464a24 24 0 0 0 23.4-18.6l24-104a24.29 24.29 0 0 0-14.01-27.6z\"><\/path><\/svg>\t\t\t\t<\/span>\n\t\t\t<\/div>\n\t\t\t\n\t\t\t\t\t\t<div class=\"elementor-icon-box-content\">\n\n\t\t\t\t\t\t\t\t\t<h3 class=\"elementor-icon-box-title\">\n\t\t\t\t\t\t<span  >\n\t\t\t\t\t\t\t+381 (11) 3547-849 \t\t\t\t\t\t<\/span>\n\t\t\t\t\t<\/h3>\n\t\t\t\t\n\t\t\t\t\n\t\t\t<\/div>\n\t\t\t\n\t\t<\/div>\n\t\t\t\t\t\t<\/div>\n\t\t\t\t<\/div>\n\t\t<div class=\"elementor-element elementor-element-19496a9 e-con-full e-flex e-con e-child\" data-id=\"19496a9\" data-element_type=\"container\">\n\t\t\t\t<div class=\"elementor-element elementor-element-614d871 elementor-view-default elementor-position-top elementor-mobile-position-top elementor-widget elementor-widget-icon-box\" data-id=\"614d871\" data-element_type=\"widget\" data-widget_type=\"icon-box.default\">\n\t\t\t\t\t\t\t<div class=\"elementor-icon-box-wrapper\">\n\n\t\t\t\t\t\t<div class=\"elementor-icon-box-icon\">\n\t\t\t\t<span  class=\"elementor-icon\">\n\t\t\t\t<svg aria-hidden=\"true\" class=\"e-font-icon-svg e-fas-phone-alt\" viewBox=\"0 0 512 512\" xmlns=\"http:\/\/www.w3.org\/2000\/svg\"><path d=\"M497.39 361.8l-112-48a24 24 0 0 0-28 6.9l-49.6 60.6A370.66 370.66 0 0 1 130.6 204.11l60.6-49.6a23.94 23.94 0 0 0 6.9-28l-48-112A24.16 24.16 0 0 0 122.6.61l-104 24A24 24 0 0 0 0 48c0 256.5 207.9 464 464 464a24 24 0 0 0 23.4-18.6l24-104a24.29 24.29 0 0 0-14.01-27.6z\"><\/path><\/svg>\t\t\t\t<\/span>\n\t\t\t<\/div>\n\t\t\t\n\t\t\t\t\t\t<div class=\"elementor-icon-box-content\">\n\n\t\t\t\t\t\t\t\t\t<h3 class=\"elementor-icon-box-title\">\n\t\t\t\t\t\t<span  >\n\t\t\t\t\t\t\t+381 (11) 3547-848\t\t\t\t\t\t<\/span>\n\t\t\t\t\t<\/h3>\n\t\t\t\t\n\t\t\t\t\n\t\t\t<\/div>\n\t\t\t\n\t\t<\/div>\n\t\t\t\t\t\t<\/div>\n\t\t\t\t<\/div>\n\t\t<div class=\"elementor-element elementor-element-71fa38d e-con-full e-flex e-con e-child\" data-id=\"71fa38d\" data-element_type=\"container\">\n\t\t\t\t<div class=\"elementor-element elementor-element-ec63bc4 elementor-view-default elementor-position-top elementor-mobile-position-top elementor-widget elementor-widget-icon-box\" data-id=\"ec63bc4\" data-element_type=\"widget\" data-widget_type=\"icon-box.default\">\n\t\t\t\t\t\t\t<div class=\"elementor-icon-box-wrapper\">\n\n\t\t\t\t\t\t<div class=\"elementor-icon-box-icon\">\n\t\t\t\t<span  class=\"elementor-icon\">\n\t\t\t\t<svg aria-hidden=\"true\" class=\"e-font-icon-svg e-fas-mail-bulk\" viewBox=\"0 0 576 512\" xmlns=\"http:\/\/www.w3.org\/2000\/svg\"><path d=\"M160 448c-25.6 0-51.2-22.4-64-32-64-44.8-83.2-60.8-96-70.4V480c0 17.67 14.33 32 32 32h256c17.67 0 32-14.33 32-32V345.6c-12.8 9.6-32 25.6-96 70.4-12.8 9.6-38.4 32-64 32zm128-192H32c-17.67 0-32 14.33-32 32v16c25.6 19.2 22.4 19.2 115.2 86.4 9.6 6.4 28.8 25.6 44.8 25.6s35.2-19.2 44.8-22.4c92.8-67.2 89.6-67.2 115.2-86.4V288c0-17.67-14.33-32-32-32zm256-96H224c-17.67 0-32 14.33-32 32v32h96c33.21 0 60.59 25.42 63.71 57.82l.29-.22V416h192c17.67 0 32-14.33 32-32V192c0-17.67-14.33-32-32-32zm-32 128h-64v-64h64v64zm-352-96c0-35.29 28.71-64 64-64h224V32c0-17.67-14.33-32-32-32H96C78.33 0 64 14.33 64 32v192h96v-32z\"><\/path><\/svg>\t\t\t\t<\/span>\n\t\t\t<\/div>\n\t\t\t\n\t\t\t\t\t\t<div class=\"elementor-icon-box-content\">\n\n\t\t\t\t\t\t\t\t\t<h3 class=\"elementor-icon-box-title\">\n\t\t\t\t\t\t<span  >\n\t\t\t\t\t\t\toffice@icb.rs\t\t\t\t\t\t<\/span>\n\t\t\t\t\t<\/h3>\n\t\t\t\t\n\t\t\t\t\n\t\t\t<\/div>\n\t\t\t\n\t\t<\/div>\n\t\t\t\t\t\t<\/div>\n\t\t\t\t<\/div>\n\t\t\t\t\t<\/div>\n\t\t\t\t<\/div>\n\t\t<div class=\"elementor-element elementor-element-b50cb69 e-con-full e-flex e-con e-parent\" data-id=\"b50cb69\" data-element_type=\"container\">\n\t\t\t\t<div class=\"elementor-element elementor-element-3622290 elementor-widget elementor-widget-google_maps\" data-id=\"3622290\" data-element_type=\"widget\" data-widget_type=\"google_maps.default\">\n\t\t\t\t\t\t\t<div class=\"elementor-custom-embed\">\n\t\t\t<iframe loading=\"lazy\"\n\t\t\t\t\tsrc=\"https:\/\/maps.google.com\/maps?q=icb%20doo%20%20Po%C5%BEe%C5%A1ka%2085b&#038;t=m&#038;z=15&#038;output=embed&#038;iwloc=near\"\n\t\t\t\t\ttitle=\"icb doo  Po\u017ee\u0161ka 85b\"\n\t\t\t\t\taria-label=\"icb doo  Po\u017ee\u0161ka 85b\"\n\t\t\t><\/iframe>\n\t\t<\/div>\n\t\t\t\t\t\t<\/div>\n\t\t\t\t<\/div>\n\t\t\t\t<\/div>\n\t\t","protected":false},"excerpt":{"rendered":"<p>Veleprodaja ROSAN armatura Preuzmite VP cenovnik O nama Preduze\u0107e ICB doo Beograd osnovano je 1990. godine i ve\u0107 vi\u0161e od tri decenije uspe\u0161no posluje u oblasti veleprodaje vodovodnih baterija i srodne sanitarne opreme. Kao zvani\u010dni zastupnici renomirane kompanije Rosan doo iz Kanji\u017ee, nudimo \u0161irok asortiman proizvoda koji obuhvata moderne i pouzdane vodovodne baterije, tu\u0161-sisteme i [&hellip;]<\/p>\n","protected":false},"author":1,"featured_media":0,"parent":0,"menu_order":0,"comment_status":"closed","ping_status":"closed","template":"elementor_header_footer","meta":{"footnotes":""},"class_list":["post-10","page","type-page","status-publish","hentry"],"_links":{"self":[{"href":"https:\/\/www.icb.rs\/index.php\/wp-json\/wp\/v2\/pages\/10","targetHints":{"allow":["GET"]}}],"collection":[{"href":"https:\/\/www.icb.rs\/index.php\/wp-json\/wp\/v2\/pages"}],"about":[{"href":"https:\/\/www.icb.rs\/index.php\/wp-json\/wp\/v2\/types\/page"}],"author":[{"embeddable":true,"href":"https:\/\/www.icb.rs\/index.php\/wp-json\/wp\/v2\/users\/1"}],"replies":[{"embeddable":true,"href":"https:\/\/www.icb.rs\/index.php\/wp-json\/wp\/v2\/comments?post=10"}],"version-history":[{"count":100,"href":"https:\/\/www.icb.rs\/index.php\/wp-json\/wp\/v2\/pages\/10\/revisions"}],"predecessor-version":[{"id":144,"href":"https:\/\/www.icb.rs\/index.php\/wp-json\/wp\/v2\/pages\/10\/revisions\/144"}],"wp:attachment":[{"href":"https:\/\/www.icb.rs\/index.php\/wp-json\/wp\/v2\/media?parent=10"}],"curies":[{"name":"wp","href":"https:\/\/api.w.org\/{rel}","templated":true}]}}